{"id":143,"date":"2023-03-15T15:04:15","date_gmt":"2023-03-15T15:04:15","guid":{"rendered":"https:\/\/garretdev.host.vlaanderen\/?page_id=143"},"modified":"2024-06-18T16:04:25","modified_gmt":"2024-06-18T14:04:25","slug":"home","status":"publish","type":"page","link":"https:\/\/toimoietlamer.be\/fr\/","title":{"rendered":"Home"},"content":{"rendered":"<div data-elementor-type=\"wp-page\" data-elementor-id=\"143\" class=\"elementor elementor-143\" data-elementor-post-type=\"page\">\n\t\t\t\t<div class=\"elementor-element elementor-element-b0f0431 e-flex e-con-boxed e-con e-parent\" data-id=\"b0f0431\" data-element_type=\"container\">\n\t\t\t\t\t<div class=\"e-con-inner\">\n\t\t\t\t\t<\/div>\n\t\t\t\t<\/div>\n\t\t<div class=\"elementor-element elementor-element-4409eba7 e-con-full e-flex e-con e-parent\" data-id=\"4409eba7\" data-element_type=\"container\">\n\t\t<div class=\"elementor-element elementor-element-5ed72ea3 e-con-full e-flex e-con e-child\" data-id=\"5ed72ea3\" data-element_type=\"container\">\n\t\t\t\t<div class=\"elementor-element elementor-element-5af98f5a elementor-invisible elementor-widget elementor-widget-heading\" data-id=\"5af98f5a\" data-element_type=\"widget\" data-settings=\"{&quot;_animation&quot;:&quot;fadeIn&quot;}\" data-widget_type=\"heading.default\">\n\t\t\t\t<div class=\"elementor-widget-container\">\n\t\t\t<style>\/*! elementor - v3.21.0 - 26-05-2024 *\/\n.elementor-heading-title{padding:0;margin:0;line-height:1}.elementor-widget-heading .elementor-heading-title[class*=elementor-size-]>a{color:inherit;font-size:inherit;line-height:inherit}.elementor-widget-heading .elementor-heading-title.elementor-size-small{font-size:15px}.elementor-widget-heading .elementor-heading-title.elementor-size-medium{font-size:19px}.elementor-widget-heading .elementor-heading-title.elementor-size-large{font-size:29px}.elementor-widget-heading .elementor-heading-title.elementor-size-xl{font-size:39px}.elementor-widget-heading .elementor-heading-title.elementor-size-xxl{font-size:59px}<\/style><h1 class=\"elementor-heading-title elementor-size-default\">toi,moi et la mer.<\/h1>\t\t<\/div>\n\t\t\t\t<\/div>\n\t\t\t\t<\/div>\n\t\t<div class=\"elementor-element elementor-element-2ccb0828 e-con-full e-flex e-con e-child\" data-id=\"2ccb0828\" data-element_type=\"container\">\n\t\t\t\t<div class=\"elementor-element elementor-element-0ed6ad3 elementor-widget elementor-widget-html\" data-id=\"0ed6ad3\" data-element_type=\"widget\" data-widget_type=\"html.default\">\n\t\t\t\t<div class=\"elementor-widget-container\">\n\t\t\t<meta name=\"google\" content=\"notranslate\" \/>\t\t<\/div>\n\t\t\t\t<\/div>\n\t\t\t\t<div class=\"elementor-element elementor-element-3b7e4bb0 elementor-widget elementor-widget-heading\" data-id=\"3b7e4bb0\" data-element_type=\"widget\" data-widget_type=\"heading.default\">\n\t\t\t\t<div class=\"elementor-widget-container\">\n\t\t\t<h5 class=\"elementor-heading-title elementor-size-default\">Peut-\u00eatre le plus petit restaurant de la promenade. Christophe Snauwaert, en tant que chef de la mer du Nord, ne sert que du poisson et des crevettes p\u00each\u00e9s par les p\u00eacheurs c\u00f4tiers locaux. <\/h5>\t\t<\/div>\n\t\t\t\t<\/div>\n\t\t\t\t<div class=\"elementor-element elementor-element-50c83ada elementor-tablet-align-center elementor-mobile-align-center elementor-widget__width-inherit elementor-invisible elementor-widget elementor-widget-button\" data-id=\"50c83ada\" data-element_type=\"widget\" data-settings=\"{&quot;_animation&quot;:&quot;fadeIn&quot;,&quot;_animation_delay&quot;:200}\" data-widget_type=\"button.default\">\n\t\t\t\t<div class=\"elementor-widget-container\">\n\t\t\t\t\t<div class=\"elementor-button-wrapper\">\n\t\t\t<a class=\"elementor-button elementor-button-link elementor-size-sm\" href=\"https:\/\/toimoietlamer.be\/fr\/contact-us\/\">\n\t\t\t\t\t\t<span class=\"elementor-button-content-wrapper\">\n\t\t\t\t\t\t\t\t\t<span class=\"elementor-button-text\">pour reserve<\/span>\n\t\t\t\t\t<\/span>\n\t\t\t\t\t<\/a>\n\t\t<\/div>\n\t\t\t\t<\/div>\n\t\t\t\t<\/div>\n\t\t\t\t<\/div>\n\t\t\t\t<\/div>\n\t\t<div class=\"elementor-element elementor-element-5c3bc6e5 e-con-full e-flex e-con e-parent\" data-id=\"5c3bc6e5\" data-element_type=\"container\" data-settings=\"{&quot;background_background&quot;:&quot;classic&quot;}\">\n\t\t<div class=\"elementor-element elementor-element-36c9258a e-con-full e-flex e-con e-child\" data-id=\"36c9258a\" data-element_type=\"container\" data-settings=\"{&quot;background_background&quot;:&quot;classic&quot;}\">\n\t\t\t\t<\/div>\n\t\t\t\t<\/div>\n\t\t<div class=\"elementor-element elementor-element-60345bb6 e-flex e-con-boxed e-con e-parent\" data-id=\"60345bb6\" data-element_type=\"container\">\n\t\t\t\t\t<div class=\"e-con-inner\">\n\t\t<div class=\"elementor-element elementor-element-2dab6e38 e-con-full e-flex e-con e-child\" data-id=\"2dab6e38\" data-element_type=\"container\">\n\t\t\t\t<div class=\"elementor-element elementor-element-7c2f9de elementor-invisible elementor-widget elementor-widget-heading\" data-id=\"7c2f9de\" data-element_type=\"widget\" data-settings=\"{&quot;_animation&quot;:&quot;fadeIn&quot;}\" data-widget_type=\"heading.default\">\n\t\t\t\t<div class=\"elementor-widget-container\">\n\t\t\t<h4 class=\"elementor-heading-title elementor-size-default\">Flanders kitchen rebel 2008\n<\/h4>\t\t<\/div>\n\t\t\t\t<\/div>\n\t\t\t\t<div class=\"elementor-element elementor-element-435b44d8 elementor-invisible elementor-widget elementor-widget-heading\" data-id=\"435b44d8\" data-element_type=\"widget\" data-settings=\"{&quot;_animation&quot;:&quot;fadeIn&quot;}\" data-widget_type=\"heading.default\">\n\t\t\t\t<div class=\"elementor-widget-container\">\n\t\t\t<h4 class=\"elementor-heading-title elementor-size-default\">North Sea chef depuis 2018\n<\/h4>\t\t<\/div>\n\t\t\t\t<\/div>\n\t\t\t\t<div class=\"elementor-element elementor-element-2aebc1f5 elementor-widget elementor-widget-text-editor\" data-id=\"2aebc1f5\" data-element_type=\"widget\" data-widget_type=\"text-editor.default\">\n\t\t\t\t<div class=\"elementor-widget-container\">\n\t\t\t<style>\/*! elementor - v3.21.0 - 26-05-2024 *\/\n.elementor-widget-text-editor.elementor-drop-cap-view-stacked .elementor-drop-cap{background-color:#69727d;color:#fff}.elementor-widget-text-editor.elementor-drop-cap-view-framed .elementor-drop-cap{color:#69727d;border:3px solid;background-color:transparent}.elementor-widget-text-editor:not(.elementor-drop-cap-view-default) .elementor-drop-cap{margin-top:8px}.elementor-widget-text-editor:not(.elementor-drop-cap-view-default) .elementor-drop-cap-letter{width:1em;height:1em}.elementor-widget-text-editor .elementor-drop-cap{float:left;text-align:center;line-height:1;font-size:50px}.elementor-widget-text-editor .elementor-drop-cap-letter{display:inline-block}<\/style>\t\t\t\t<p>Dans tous nos plats, nous travaillons avec les meilleurs produits. C'est pourquoi nous avons choisi de travailler avec la P\u00eache du jour et la crevette grise d'Ostende de Dini 0.62. Ces produits sont au c\u0153ur du d\u00e9jeuner et du d\u00eener.<\/p>\t\t\t\t\t\t<\/div>\n\t\t\t\t<\/div>\n\t\t\t\t<div class=\"elementor-element elementor-element-360acc5 elementor-widget elementor-widget-image\" data-id=\"360acc5\" data-element_type=\"widget\" data-widget_type=\"image.default\">\n\t\t\t\t<div class=\"elementor-widget-container\">\n\t\t\t<style>\/*! elementor - v3.21.0 - 26-05-2024 *\/\n.elementor-widget-image{text-align:center}.elementor-widget-image a{display:inline-block}.elementor-widget-image a img[src$=\".svg\"]{width:48px}.elementor-widget-image img{vertical-align:middle;display:inline-block}<\/style>\t\t\t\t\t\t\t\t\t\t\t<a href=\"https:\/\/www.northseachefs.be\/chefs\/christophe-snauwaert\">\n\t\t\t\t\t\t\t<img fetchpriority=\"high\" decoding=\"async\" width=\"800\" height=\"800\" src=\"https:\/\/toimoietlamer.be\/wp-content\/uploads\/2023\/04\/e5fe0af89a01b52a03af3a16de967c31ac8cae03.jpeg\" class=\"attachment-large size-large wp-image-275\" alt=\"\" srcset=\"https:\/\/toimoietlamer.be\/wp-content\/uploads\/2023\/04\/e5fe0af89a01b52a03af3a16de967c31ac8cae03.jpeg 1000w, https:\/\/toimoietlamer.be\/wp-content\/uploads\/2023\/04\/e5fe0af89a01b52a03af3a16de967c31ac8cae03-300x300.jpeg 300w, https:\/\/toimoietlamer.be\/wp-content\/uploads\/2023\/04\/e5fe0af89a01b52a03af3a16de967c31ac8cae03-150x150.jpeg 150w, https:\/\/toimoietlamer.be\/wp-content\/uploads\/2023\/04\/e5fe0af89a01b52a03af3a16de967c31ac8cae03-768x768.jpeg 768w\" sizes=\"(max-width: 800px) 100vw, 800px\" \/>\t\t\t\t\t\t\t\t<\/a>\n\t\t\t\t\t\t\t\t\t\t\t\t\t<\/div>\n\t\t\t\t<\/div>\n\t\t\t\t<\/div>\n\t\t<div class=\"elementor-element elementor-element-5915e51 e-con-full e-flex e-con e-child\" data-id=\"5915e51\" data-element_type=\"container\">\n\t\t\t\t<div class=\"elementor-element elementor-element-6da41d41 elementor-widget elementor-widget-image\" data-id=\"6da41d41\" data-element_type=\"widget\" data-widget_type=\"image.default\">\n\t\t\t\t<div class=\"elementor-widget-container\">\n\t\t\t\t\t\t\t\t\t\t\t\t\t<img decoding=\"async\" width=\"800\" height=\"411\" src=\"https:\/\/toimoietlamer.be\/wp-content\/uploads\/2023\/04\/IMG_20230206_165512-1024x526.jpg\" class=\"attachment-large size-large wp-image-319\" alt=\"\" srcset=\"https:\/\/toimoietlamer.be\/wp-content\/uploads\/2023\/04\/IMG_20230206_165512-1024x526.jpg 1024w, https:\/\/toimoietlamer.be\/wp-content\/uploads\/2023\/04\/IMG_20230206_165512-300x154.jpg 300w, https:\/\/toimoietlamer.be\/wp-content\/uploads\/2023\/04\/IMG_20230206_165512-768x394.jpg 768w, https:\/\/toimoietlamer.be\/wp-content\/uploads\/2023\/04\/IMG_20230206_165512-1536x789.jpg 1536w, https:\/\/toimoietlamer.be\/wp-content\/uploads\/2023\/04\/IMG_20230206_165512-2048x1051.jpg 2048w\" sizes=\"(max-width: 800px) 100vw, 800px\" \/>\t\t\t\t\t\t\t\t\t\t\t\t\t<\/div>\n\t\t\t\t<\/div>\n\t\t\t\t<\/div>\n\t\t\t\t\t<\/div>\n\t\t\t\t<\/div>\n\t\t<div class=\"elementor-element elementor-element-2beb8f91 e-con-full e-flex e-con e-parent\" data-id=\"2beb8f91\" data-element_type=\"container\">\n\t\t<div class=\"elementor-element elementor-element-394b3b19 e-con-full e-flex e-con e-child\" data-id=\"394b3b19\" data-element_type=\"container\">\n\t\t\t\t<div class=\"elementor-element elementor-element-626b0761 elementor-invisible elementor-widget elementor-widget-image\" data-id=\"626b0761\" data-element_type=\"widget\" data-settings=\"{&quot;_animation&quot;:&quot;fadeIn&quot;}\" data-widget_type=\"image.default\">\n\t\t\t\t<div class=\"elementor-widget-container\">\n\t\t\t\t\t\t\t\t\t\t\t\t\t<img decoding=\"async\" width=\"800\" height=\"718\" src=\"https:\/\/toimoietlamer.be\/wp-content\/uploads\/2023\/04\/20190412_172026-1024x919.jpg\" class=\"attachment-large size-large wp-image-318\" alt=\"\" srcset=\"https:\/\/toimoietlamer.be\/wp-content\/uploads\/2023\/04\/20190412_172026-1024x919.jpg 1024w, https:\/\/toimoietlamer.be\/wp-content\/uploads\/2023\/04\/20190412_172026-300x269.jpg 300w, https:\/\/toimoietlamer.be\/wp-content\/uploads\/2023\/04\/20190412_172026-768x689.jpg 768w, https:\/\/toimoietlamer.be\/wp-content\/uploads\/2023\/04\/20190412_172026.jpg 1187w\" sizes=\"(max-width: 800px) 100vw, 800px\" \/>\t\t\t\t\t\t\t\t\t\t\t\t\t<\/div>\n\t\t\t\t<\/div>\n\t\t\t\t<div class=\"elementor-element elementor-element-566d07fe elementor-widget__width-auto elementor-absolute elementor-invisible elementor-widget elementor-widget-image\" data-id=\"566d07fe\" data-element_type=\"widget\" data-settings=\"{&quot;_position&quot;:&quot;absolute&quot;,&quot;_animation&quot;:&quot;fadeIn&quot;,&quot;_animation_delay&quot;:200}\" data-widget_type=\"image.default\">\n\t\t\t\t<div class=\"elementor-widget-container\">\n\t\t\t\t\t\t\t\t\t\t\t\t\t<img loading=\"lazy\" decoding=\"async\" width=\"800\" height=\"533\" src=\"https:\/\/toimoietlamer.be\/wp-content\/uploads\/2023\/03\/Toi-Moi-Et-La-Mer001-1024x682.jpg\" class=\"attachment-large size-large wp-image-213\" alt=\"\" srcset=\"https:\/\/toimoietlamer.be\/wp-content\/uploads\/2023\/03\/Toi-Moi-Et-La-Mer001-1024x682.jpg 1024w, https:\/\/toimoietlamer.be\/wp-content\/uploads\/2023\/03\/Toi-Moi-Et-La-Mer001-300x200.jpg 300w, https:\/\/toimoietlamer.be\/wp-content\/uploads\/2023\/03\/Toi-Moi-Et-La-Mer001-768x511.jpg 768w, https:\/\/toimoietlamer.be\/wp-content\/uploads\/2023\/03\/Toi-Moi-Et-La-Mer001-1536x1022.jpg 1536w, https:\/\/toimoietlamer.be\/wp-content\/uploads\/2023\/03\/Toi-Moi-Et-La-Mer001-2048x1363.jpg 2048w\" sizes=\"(max-width: 800px) 100vw, 800px\" \/>\t\t\t\t\t\t\t\t\t\t\t\t\t<\/div>\n\t\t\t\t<\/div>\n\t\t\t\t<\/div>\n\t\t<div class=\"elementor-element elementor-element-54445b8f e-con-full e-flex e-con e-child\" data-id=\"54445b8f\" data-element_type=\"container\">\n\t\t\t\t<div class=\"elementor-element elementor-element-450f095a elementor-widget-tablet__width-inherit elementor-invisible elementor-widget elementor-widget-heading\" data-id=\"450f095a\" data-element_type=\"widget\" data-settings=\"{&quot;_animation&quot;:&quot;fadeIn&quot;}\" data-widget_type=\"heading.default\">\n\t\t\t\t<div class=\"elementor-widget-container\">\n\t\t\t<h2 class=\"elementor-heading-title elementor-size-default\">clients<br>satisfaits<\/h2>\t\t<\/div>\n\t\t\t\t<\/div>\n\t\t\t\t<div class=\"elementor-element elementor-element-17e76e88 elementor-widget-tablet__width-initial elementor-widget-mobile__width-inherit elementor-invisible elementor-widget elementor-widget-testimonial\" data-id=\"17e76e88\" data-element_type=\"widget\" data-settings=\"{&quot;_animation&quot;:&quot;fadeIn&quot;,&quot;_animation_delay&quot;:200}\" data-widget_type=\"testimonial.default\">\n\t\t\t\t<div class=\"elementor-widget-container\">\n\t\t\t<style>\/*! elementor - v3.21.0 - 26-05-2024 *\/\n.elementor-testimonial-wrapper{overflow:hidden;text-align:center}.elementor-testimonial-wrapper .elementor-testimonial-content{font-size:1.3em;margin-bottom:20px}.elementor-testimonial-wrapper .elementor-testimonial-name{line-height:1.5;display:block}.elementor-testimonial-wrapper .elementor-testimonial-job{font-size:.85em;display:block}.elementor-testimonial-wrapper .elementor-testimonial-meta{width:100%;line-height:1}.elementor-testimonial-wrapper .elementor-testimonial-meta-inner{display:inline-block}.elementor-testimonial-wrapper .elementor-testimonial-meta .elementor-testimonial-details,.elementor-testimonial-wrapper .elementor-testimonial-meta .elementor-testimonial-image{display:table-cell;vertical-align:middle}.elementor-testimonial-wrapper .elementor-testimonial-meta .elementor-testimonial-image img{width:60px;height:60px;border-radius:50%;-o-object-fit:cover;object-fit:cover;max-width:none}.elementor-testimonial-wrapper .elementor-testimonial-meta.elementor-testimonial-image-position-aside .elementor-testimonial-image{padding-inline-end:15px}.elementor-testimonial-wrapper .elementor-testimonial-meta.elementor-testimonial-image-position-aside .elementor-testimonial-details{text-align:start}.elementor-testimonial-wrapper .elementor-testimonial-meta.elementor-testimonial-image-position-top .elementor-testimonial-details,.elementor-testimonial-wrapper .elementor-testimonial-meta.elementor-testimonial-image-position-top .elementor-testimonial-image{display:block}.elementor-testimonial-wrapper .elementor-testimonial-meta.elementor-testimonial-image-position-top .elementor-testimonial-image{margin-bottom:20px}<\/style>\t\t<div class=\"elementor-testimonial-wrapper\">\n\t\t\t\t\t\t\t<div class=\"elementor-testimonial-content\">\"Nous avons eu un merveilleux d\u00eener. Nous avons pris le menu et nous n'avons pas \u00e9t\u00e9 d\u00e9\u00e7us. Excellent choix. Le Chardonnay \u00e9tait tr\u00e8s bon aussi. Nourriture savoureuse et fra\u00eeche pleine de saveurs. Le personnel est tellement sympathique. Ce restaurant est un point culminant \u00e0 Ostende \u00e0 coup s\u00fbr \"<\/div>\n\t\t\t\n\t\t\t\t\t\t<div class=\"elementor-testimonial-meta\">\n\t\t\t\t<div class=\"elementor-testimonial-meta-inner\">\n\t\t\t\t\t\n\t\t\t\t\t\t\t\t\t\t<div class=\"elementor-testimonial-details\">\n\t\t\t\t\t\t\t\t\t\t\t\t\t\t<div class=\"elementor-testimonial-name\">Christ\u00e8le Kremp-Voinova<\/div>\n\t\t\t\t\t\t\t\t\t\t\t\t\t\t\t\t\t\t\t<\/div>\n\t\t\t\t\t\t\t\t\t<\/div>\n\t\t\t<\/div>\n\t\t\t\t\t<\/div>\n\t\t\t\t<\/div>\n\t\t\t\t<\/div>\n\t\t\t\t<div class=\"elementor-element elementor-element-274301b3 elementor-widget-tablet__width-initial elementor-widget-mobile__width-inherit elementor-invisible elementor-widget elementor-widget-testimonial\" data-id=\"274301b3\" data-element_type=\"widget\" data-settings=\"{&quot;_animation&quot;:&quot;fadeIn&quot;,&quot;_animation_delay&quot;:400}\" data-widget_type=\"testimonial.default\">\n\t\t\t\t<div class=\"elementor-widget-container\">\n\t\t\t\t\t<div class=\"elementor-testimonial-wrapper\">\n\t\t\t\t\t\t\t<div class=\"elementor-testimonial-content\">\"Mon pr\u00e9f\u00e9r\u00e9 \u00e0 Ostende quand je veux manger du poisson. Tr\u00e8s bonne cuisine et un tr\u00e8s bon rapport qualit\u00e9-prix. Et un service tr\u00e8s sympathique depuis des ann\u00e9es. Top adresse.\"<\/div>\n\t\t\t\n\t\t\t\t\t\t<div class=\"elementor-testimonial-meta\">\n\t\t\t\t<div class=\"elementor-testimonial-meta-inner\">\n\t\t\t\t\t\n\t\t\t\t\t\t\t\t\t\t<div class=\"elementor-testimonial-details\">\n\t\t\t\t\t\t\t\t\t\t\t\t\t\t<div class=\"elementor-testimonial-name\">Erwin Mouchaers<\/div>\n\t\t\t\t\t\t\t\t\t\t\t\t\t\t\t\t\t\t\t<\/div>\n\t\t\t\t\t\t\t\t\t<\/div>\n\t\t\t<\/div>\n\t\t\t\t\t<\/div>\n\t\t\t\t<\/div>\n\t\t\t\t<\/div>\n\t\t\t\t<\/div>\n\t\t\t\t<\/div>\n\t\t\t\t<\/div>","protected":false},"excerpt":{"rendered":"<p>toi,moi et la mer. Wellicht het kleinste restaurantje op de promenade. Christophe Snauwaert serveert als Northseachef enkel vis en garnalen gevangen door de lokale kustvissers. Reserveer nu Jong keukengeweld 2008 North Sea chef sedert 2018 In al onze gerechten werken we met de beste producten. Daarom kiezen we om te werken met the Catch of [&hellip;]<\/p>","protected":false},"author":1,"featured_media":155,"parent":0,"menu_order":0,"comment_status":"closed","ping_status":"closed","template":"elementor_header_footer","meta":{"footnotes":""},"class_list":["post-143","page","type-page","status-publish","has-post-thumbnail","hentry"],"_links":{"self":[{"href":"https:\/\/toimoietlamer.be\/fr\/wp-json\/wp\/v2\/pages\/143","targetHints":{"allow":["GET"]}}],"collection":[{"href":"https:\/\/toimoietlamer.be\/fr\/wp-json\/wp\/v2\/pages"}],"about":[{"href":"https:\/\/toimoietlamer.be\/fr\/wp-json\/wp\/v2\/types\/page"}],"author":[{"embeddable":true,"href":"https:\/\/toimoietlamer.be\/fr\/wp-json\/wp\/v2\/users\/1"}],"replies":[{"embeddable":true,"href":"https:\/\/toimoietlamer.be\/fr\/wp-json\/wp\/v2\/comments?post=143"}],"version-history":[{"count":81,"href":"https:\/\/toimoietlamer.be\/fr\/wp-json\/wp\/v2\/pages\/143\/revisions"}],"predecessor-version":[{"id":774,"href":"https:\/\/toimoietlamer.be\/fr\/wp-json\/wp\/v2\/pages\/143\/revisions\/774"}],"wp:featuredmedia":[{"embeddable":true,"href":"https:\/\/toimoietlamer.be\/fr\/wp-json\/wp\/v2\/media\/155"}],"wp:attachment":[{"href":"https:\/\/toimoietlamer.be\/fr\/wp-json\/wp\/v2\/media?parent=143"}],"curies":[{"name":"wp","href":"https:\/\/api.w.org\/{rel}","templated":true}]}}